{"id":8,"date":"2013-05-14T17:08:24","date_gmt":"2013-05-14T15:08:24","guid":{"rendered":"https:\/\/sport-ghs.de\/?page_id=8"},"modified":"2022-04-10T11:33:44","modified_gmt":"2022-04-10T09:33:44","slug":"8-revision-v1","status":"publish","type":"page","link":"https:\/\/sport-ghs.de\/?page_id=8","title":{"rendered":"Der Unterricht in der Sekundarstufe II"},"content":{"rendered":"<p>[et_pb_section fb_built=&#8220;1&#8243; _builder_version=&#8220;4.16&#8243; background_image=&#8220;https:\/\/sport-ghs.de\/wp-content\/uploads\/2018\/01\/Header-Volleyball.jpg&#8220; custom_padding=&#8220;||230px|&#8220; global_colors_info=&#8220;{}&#8220;][et_pb_row _builder_version=&#8220;4.16&#8243; background_size=&#8220;initial&#8220; background_position=&#8220;top_left&#8220; background_repeat=&#8220;repeat&#8220; global_colors_info=&#8220;{}&#8220;][et_pb_column type=&#8220;4_4&#8243; _builder_version=&#8220;4.16&#8243; custom_padding=&#8220;|||&#8220; global_colors_info=&#8220;{}&#8220; custom_padding__hover=&#8220;|||&#8220;][\/et_pb_column][\/et_pb_row][\/et_pb_section][et_pb_section fb_built=&#8220;1&#8243; _builder_version=&#8220;4.16&#8243; global_colors_info=&#8220;{}&#8220;][et_pb_row _builder_version=&#8220;4.16&#8243; background_size=&#8220;initial&#8220; background_position=&#8220;top_left&#8220; background_repeat=&#8220;repeat&#8220; global_colors_info=&#8220;{}&#8220;][et_pb_column type=&#8220;4_4&#8243; _builder_version=&#8220;4.16&#8243; custom_padding=&#8220;|||&#8220; global_colors_info=&#8220;{}&#8220; custom_padding__hover=&#8220;|||&#8220;][et_pb_text admin_label=&#8220;\u00dcberschrift&#8220; _builder_version=&#8220;4.16&#8243; global_colors_info=&#8220;{}&#8220;]<\/p>\n<h1 style=\"text-align: center;\">Der Unterricht in der Sekundarstufe II<\/h1>\n<p>[\/et_pb_text][et_pb_text _builder_version=&#8220;4.16&#8243; global_colors_info=&#8220;{}&#8220;]<\/p>\n<p style=\"text-align: justify;\">Der Sportunterricht in den Jahrgangsstufen 11 und 12 ist in Kursen organisiert, welche pro Semester einmal w\u00f6chentlich in einer Doppelstunde stattfinden. Dabei entscheidet das Wahlverhalten unserer Sch\u00fclerinnen und Sch\u00fcler dar\u00fcber, welche Sportkurse eingerichtet und durchgef\u00fchrt werden k\u00f6nnen. Zur Wahl stehen dabei neben den bekannten Ballsportarten <em>Volleyball, Basketball, Fu\u00dfball und Handball<\/em> auch mehrere Individualsportarten wie zum Beispiel <em>Badminton, Fitness, Gymnastik\/Tanz, Schwimmen oder Rudern. <\/em>Dieses Sportkursangebot wird in der Jahrgangsstufe 11 durch den <em>Ski- und Snowboardkurs<\/em> im Januar und den <em>Windsurfkurs<\/em> im Mai\/Juni erg\u00e4nzt. An unserer Einrichtung besteht dar\u00fcber hinaus weiterhin die M\u00f6glichkeit das Fach Sport als 4. oder 5.Pr\u00fcfungsfach im Abitur zu w\u00e4hlen. Voraussetzung daf\u00fcr ist die Teilnahme am <em>Sporttheoriekurs<\/em>, welcher im dritten und vierten Semester in drei Wochenstunden unterrichtet wird.<\/p>\n<p style=\"text-align: justify;\">Um euch die Entscheidung f\u00fcr die Wahl der Sportkurse etwas zu erleichtern, haben wir f\u00fcr euch die wesentlichen Voraussetzungen und Inhalte der einzelnen Kurse sowie m\u00f6gliche Bewertungskriterien in den folgenden Steckbriefen zusammengefasst. <\/p>\n<p>[\/et_pb_text][\/et_pb_column][\/et_pb_row][et_pb_row _builder_version=&#8220;4.16&#8243; global_colors_info=&#8220;{}&#8220;][et_pb_column type=&#8220;4_4&#8243; _builder_version=&#8220;4.16&#8243; global_colors_info=&#8220;{}&#8220;][et_pb_text admin_label=&#8220;\u00dcberschrift&#8220; _builder_version=&#8220;4.16&#8243; global_colors_info=&#8220;{}&#8220;]<\/p>\n<h1 style=\"text-align: center;\">Sportkurssteckbriefe<\/h1>\n<p>[\/et_pb_text][\/et_pb_column][\/et_pb_row][et_pb_row column_structure=&#8220;1_4,1_4,1_4,1_4&#8243; _builder_version=&#8220;4.16&#8243; global_colors_info=&#8220;{}&#8220;][et_pb_column type=&#8220;1_4&#8243; _builder_version=&#8220;4.16&#8243; global_colors_info=&#8220;{}&#8220;][et_pb_text admin_label=&#8220;Individualsportarten&#8220; _builder_version=&#8220;4.16&#8243; global_colors_info=&#8220;{}&#8220;]<\/p>\n<p><strong><span style=\"text-decoration: underline;\">Individualsportarten<\/span><\/strong><\/p>\n<p>[\/et_pb_text][et_pb_button button_url=&#8220;https:\/\/sport-ghs.de\/wp-content\/uploads\/2020\/03\/Steckbrief-GK-Gymnastik-Tanz.pdf&#8220; url_new_window=&#8220;on&#8220; button_text=&#8220;Gymnastik\/Tanz&#8220; admin_label=&#8220;Gymnastik\/Tanz&#8220; _builder_version=&#8220;4.16&#8243; box_shadow_style=&#8220;preset3&#8243; global_colors_info=&#8220;{}&#8220;][\/et_pb_button][et_pb_button button_url=&#8220;https:\/\/sport-ghs.de\/wp-content\/uploads\/2020\/03\/Steckbrief-GK-Leichtathletik.pdf&#8220; url_new_window=&#8220;on&#8220; button_text=&#8220;Leichtathletik&#8220; admin_label=&#8220;Leichtathletik&#8220; _builder_version=&#8220;4.16&#8243; box_shadow_style=&#8220;preset3&#8243; global_colors_info=&#8220;{}&#8220;][\/et_pb_button][et_pb_button button_url=&#8220;https:\/\/sport-ghs.de\/wp-content\/uploads\/2020\/03\/Steckbrief-GK-Ger\u00e4tturnen.pdf&#8220; url_new_window=&#8220;on&#8220; button_text=&#8220;Ger\u00e4tturnen&#8220; admin_label=&#8220;Ger\u00e4tturnen&#8220; _builder_version=&#8220;4.16&#8243; box_shadow_style=&#8220;preset3&#8243; global_colors_info=&#8220;{}&#8220;][\/et_pb_button][et_pb_button button_url=&#8220;https:\/\/sport-ghs.de\/wp-content\/uploads\/2020\/03\/Steckbrief-GK-Schwimmen.pdf&#8220; url_new_window=&#8220;on&#8220; button_text=&#8220;Schwimmen&#8220; admin_label=&#8220;Schwimmen&#8220; _builder_version=&#8220;4.16&#8243; box_shadow_style=&#8220;preset3&#8243; global_colors_info=&#8220;{}&#8220;][\/et_pb_button][et_pb_button button_url=&#8220;https:\/\/sport-ghs.de\/wp-content\/uploads\/2020\/03\/Steckbrief-GK-Rudern.pdf&#8220; url_new_window=&#8220;on&#8220; button_text=&#8220;Rudern&#8220; admin_label=&#8220;Rudern&#8220; _builder_version=&#8220;4.16&#8243; box_shadow_style=&#8220;preset3&#8243; global_colors_info=&#8220;{}&#8220;][\/et_pb_button][et_pb_button button_url=&#8220;https:\/\/sport-ghs.de\/wp-content\/uploads\/2022\/04\/Steckbrief-GK-Fitness.pdf&#8220; url_new_window=&#8220;on&#8220; button_text=&#8220;Fitness&#8220; admin_label=&#8220;Fitness&#8220; _builder_version=&#8220;4.17.0&#8243; hover_enabled=&#8220;0&#8243; box_shadow_style=&#8220;preset3&#8243; global_colors_info=&#8220;{}&#8220; sticky_enabled=&#8220;0&#8243;][\/et_pb_button][\/et_pb_column][et_pb_column type=&#8220;1_4&#8243; _builder_version=&#8220;4.16&#8243; global_colors_info=&#8220;{}&#8220;][et_pb_text admin_label=&#8220;Gro\u00dfe Spiele&#8220; _builder_version=&#8220;4.16&#8243; global_colors_info=&#8220;{}&#8220;]<\/p>\n<p style=\"text-align: left;\"><strong><span style=\"text-decoration: underline;\">Gro\u00dfe Spiele<\/span><\/strong><\/p>\n<p>[\/et_pb_text][et_pb_button button_url=&#8220;https:\/\/sport-ghs.de\/wp-content\/uploads\/2020\/03\/Steckbrief-GK-Basketball.pdf&#8220; url_new_window=&#8220;on&#8220; button_text=&#8220;Basketball&#8220; admin_label=&#8220;Basketball&#8220; _builder_version=&#8220;4.16&#8243; box_shadow_style=&#8220;preset3&#8243; global_colors_info=&#8220;{}&#8220;][\/et_pb_button][et_pb_button button_url=&#8220;https:\/\/sport-ghs.de\/wp-content\/uploads\/2020\/03\/Steckbrief-GK-Volleyball.pdf&#8220; url_new_window=&#8220;on&#8220; button_text=&#8220;Volleyball&#8220; admin_label=&#8220;Volleyball&#8220; _builder_version=&#8220;4.16&#8243; box_shadow_style=&#8220;preset3&#8243; global_colors_info=&#8220;{}&#8220;][\/et_pb_button][et_pb_button button_url=&#8220;https:\/\/sport-ghs.de\/wp-content\/uploads\/2020\/03\/Steckbrief-GK-Handball.pdf&#8220; url_new_window=&#8220;on&#8220; button_text=&#8220;Handball&#8220; admin_label=&#8220;Handball&#8220; _builder_version=&#8220;4.16&#8243; box_shadow_style=&#8220;preset3&#8243; global_colors_info=&#8220;{}&#8220;][\/et_pb_button][et_pb_button button_url=&#8220;https:\/\/sport-ghs.de\/wp-content\/uploads\/2020\/03\/Steckbrief-GK-Fu\u00dfball.pdf&#8220; url_new_window=&#8220;on&#8220; button_text=&#8220;Fu\u00dfball&#8220; admin_label=&#8220;Fu\u00dfball&#8220; _builder_version=&#8220;4.16&#8243; box_shadow_style=&#8220;preset3&#8243; global_colors_info=&#8220;{}&#8220;][\/et_pb_button][\/et_pb_column][et_pb_column type=&#8220;1_4&#8243; _builder_version=&#8220;4.16&#8243; global_colors_info=&#8220;{}&#8220;][et_pb_text admin_label=&#8220;R\u00fcckschlagspiele&#8220; _builder_version=&#8220;4.16&#8243; global_colors_info=&#8220;{}&#8220;]<\/p>\n<p style=\"text-align: left;\"><strong><span style=\"text-decoration: underline;\">R\u00fcckschlagspiele<\/span><\/strong><\/p>\n<p>[\/et_pb_text][et_pb_button button_url=&#8220;https:\/\/sport-ghs.de\/wp-content\/uploads\/2020\/03\/Steckbrief-GK-Tischtennis.pdf&#8220; url_new_window=&#8220;on&#8220; button_text=&#8220;Tischtennis&#8220; admin_label=&#8220;Tischtennis&#8220; _builder_version=&#8220;4.16&#8243; box_shadow_style=&#8220;preset3&#8243; global_colors_info=&#8220;{}&#8220;][\/et_pb_button][et_pb_button button_url=&#8220;https:\/\/sport-ghs.de\/wp-content\/uploads\/2020\/03\/Steckbrief-GK-Badminton.pdf&#8220; url_new_window=&#8220;on&#8220; button_text=&#8220;Badminton&#8220; admin_label=&#8220;Badminton&#8220; _builder_version=&#8220;4.16&#8243; box_shadow_style=&#8220;preset3&#8243; global_colors_info=&#8220;{}&#8220;][\/et_pb_button][\/et_pb_column][et_pb_column type=&#8220;1_4&#8243; _builder_version=&#8220;4.16&#8243; global_colors_info=&#8220;{}&#8220;][et_pb_text admin_label=&#8220;Kursfahrten&#8220; _builder_version=&#8220;4.16&#8243; global_colors_info=&#8220;{}&#8220;]<\/p>\n<p style=\"text-align: left;\"><strong><span style=\"text-decoration: underline;\">Kursfahrten<\/span><\/strong><\/p>\n<p>[\/et_pb_text][et_pb_button button_url=&#8220;https:\/\/sport-ghs.de\/wp-content\/uploads\/2020\/04\/Steckbrief-Schneesportfahrt.pdf&#8220; url_new_window=&#8220;on&#8220; button_text=&#8220;Schneesportfahrt&#8220; admin_label=&#8220;Schneesportfahrt&#8220; _builder_version=&#8220;4.16&#8243; box_shadow_style=&#8220;preset3&#8243; global_colors_info=&#8220;{}&#8220;][\/et_pb_button][et_pb_button button_url=&#8220;https:\/\/sport-ghs.de\/wp-content\/uploads\/2020\/04\/GK-Windsurffahrt.pdf&#8220; url_new_window=&#8220;on&#8220; button_text=&#8220;Windsurffahrt&#8220; admin_label=&#8220;Windsurffahrt&#8220; _builder_version=&#8220;4.16&#8243; box_shadow_style=&#8220;preset3&#8243; global_colors_info=&#8220;{}&#8220;][\/et_pb_button][\/et_pb_column][\/et_pb_row][\/et_pb_section]<\/p>\n","protected":false},"excerpt":{"rendered":"<p>Der Unterricht in der Sekundarstufe IIDer Sportunterricht in den Jahrgangsstufen 11 und 12 ist in Kursen organisiert, welche pro Semester einmal w\u00f6chentlich in einer Doppelstunde stattfinden. Dabei entscheidet das Wahlverhalten unserer Sch\u00fclerinnen und Sch\u00fcler dar\u00fcber, welche Sportkurse eingerichtet und durchgef\u00fchrt werden k\u00f6nnen. Zur Wahl stehen dabei neben den bekannten Ballsportarten Volleyball, Basketball, Fu\u00dfball und Handball [&hellip;]<\/p>\n","protected":false},"author":2,"featured_media":0,"parent":0,"menu_order":0,"comment_status":"closed","ping_status":"closed","template":"","meta":{"_et_pb_use_builder":"on","_et_pb_old_content":"<p><a href=\"https:\/\/sport-ghs.de\/wp-content\/uploads\/2013\/05\/36.png\"><img class=\" wp-image-2466 alignleft\" src=\"https:\/\/sport-ghs.de\/wp-content\/uploads\/2013\/05\/36.png\" alt=\"\" width=\"500\" height=\"90\" \/><\/a><\/p><p>\u00a0<\/p><p>\u00a0<\/p><hr \/><p>\u00a0<\/p><p><span style=\"text-decoration: underline;\">Ab 04.09.2017 finden in der Jahrgangsstufe 11 folgende Sportkurse statt:<\/span><\/p><p>[table caption=\" width=\"500\" colwidth=\"55|150|600|600\" colalign=\"left|left|left|left|left\"]<br \/> Tag,Zeit,Kurs,Sportlehrer<br \/> Montag,8.\/9.Stunde,Volleyball I,Frau Birnack<br \/> Mittwoch,8.\/9.Stunde,Basketball,Herr M\u00f6hricke<br \/> Mittwoch,8.\/9.Stunde,Fu\u00dfball,Herr Dr. Weber<br \/> Donnerstag,7.\/8.Stunde,Badminton I,Herr M\u00fcnch<br \/> Donnerstag,9.\/10.Stunde,Badminton II,Frau Michall<br \/> Freitag,7.\/8.Stunde,Volleyball II,Frau Birnack<\/p><p>[\/table]<br \/> <span style=\"text-decoration: underline;\">Ab 04.09.2017 finden in der Jahrgangsstufe 12 folgende Sportkurse statt:<\/span><\/p><p>[table caption=\" width=\"500\" colwidth=\"55|150|600|600\" colalign=\"left|left|left|left|left\"]<br \/> Tag,Zeit,Kurs,Sportlehrer<br \/> Montag,8.\/9.Stunde,Ger\u00e4tturnen,Herr M\u00fcnch<br \/> Montag,10.\/11.Stunde,Handball,Herr Schoknecht<br \/> Dienstag,8.\/9.Stunde,Volleyball,Frau Birnack<br \/> Dienstag,8.\/9.Stunde,Gymnastik\/Tanz,Frau Chrobok<br \/> Mittwoch,8.\/9.Stunde,Basketball,Herr M\u00f6hricke<br \/> Mittwoch,8.\/9.Stunde,Fu\u00dfball,Herr Dr. Weber<br \/> Donnerstag,7.\/8.Stunde,Schwimmen, Frau Chrobok<br \/> [\/table]<\/p><p>\u00a0<\/p><p><span style=\"text-decoration: underline;\"><strong>Sport im Abitur<\/strong><\/span><\/p><p>Du m\u00f6chtest Dein Abitur auch mithilfe des Faches Sport machen? Mit dem Einstieg in die Jahrgangsstufe 11 hast Du die M\u00f6glichkeit, das Fach Sport als 4. oder 5.Pr\u00fcfungsfach zu w\u00e4hlen. Was erwartet Dich nach dieser Entscheidung?<\/p><p>\u00a0<\/p><p><b><span style=\"text-decoration: underline;\">Sport als 4. Pr\u00fcfungsfach<\/span><\/b><\/p><ul style=\"text-align: left;\"><li>2 Semester Sporttheorie (3 Stunden pro Woche und 1 Klausur pro Semester).<\/li><li>Inhalte der Theoriesemester sind Themen aus den Bereichen Trainingslehre,<br \/> Biomechanik und Sportbiologie, eine m\u00fcndliche Abiturpr\u00fcfung zu den Themen<br \/> aus den Theoriesemestern, eine sportpraktische Abiturpr\u00fcfung in je zwei selbst<br \/> gew\u00e4hlten Bewegungsfeldern.<\/li><\/ul><p>\u00a0<\/p><p style=\"text-align: left;\"><b><span style=\"text-decoration: underline;\">Sport als 5. Pr\u00fcfungsfach<\/span><\/b><\/p><ul style=\"text-align: left;\"><li style=\"text-align: left;\">2 Semester Sporttheorie (3 Stunden pro Woche und eine Klausur pro Semester).<\/li><li style=\"text-align: left;\">Inhalte der Theoriesemester sind Themen aus den Bereichen Trainingslehre, Biomechanik und Sportbiologie.<\/li><li style=\"text-align: left;\">Eine Pr\u00e4sentationspr\u00fcfung oder eine schriftliche Arbeit (BLL) zu einer selbst gew\u00e4hlten sporttheoretischen Thematik mit variablem Bezugsfach.<\/li><\/ul>","_et_gb_content_width":"","jetpack_post_was_ever_published":false,"footnotes":""},"class_list":["post-8","page","type-page","status-publish","hentry"],"jetpack_shortlink":"https:\/\/wp.me\/P3wTjV-8","jetpack_sharing_enabled":true,"jetpack_likes_enabled":true,"_links":{"self":[{"href":"https:\/\/sport-ghs.de\/index.php?rest_route=\/wp\/v2\/pages\/8","targetHints":{"allow":["GET"]}}],"collection":[{"href":"https:\/\/sport-ghs.de\/index.php?rest_route=\/wp\/v2\/pages"}],"about":[{"href":"https:\/\/sport-ghs.de\/index.php?rest_route=\/wp\/v2\/types\/page"}],"author":[{"embeddable":true,"href":"https:\/\/sport-ghs.de\/index.php?rest_route=\/wp\/v2\/users\/2"}],"replies":[{"embeddable":true,"href":"https:\/\/sport-ghs.de\/index.php?rest_route=%2Fwp%2Fv2%2Fcomments&post=8"}],"version-history":[{"count":128,"href":"https:\/\/sport-ghs.de\/index.php?rest_route=\/wp\/v2\/pages\/8\/revisions"}],"predecessor-version":[{"id":5933,"href":"https:\/\/sport-ghs.de\/index.php?rest_route=\/wp\/v2\/pages\/8\/revisions\/5933"}],"wp:attachment":[{"href":"https:\/\/sport-ghs.de\/index.php?rest_route=%2Fwp%2Fv2%2Fmedia&parent=8"}],"curies":[{"name":"wp","href":"https:\/\/api.w.org\/{rel}","templated":true}]}}