{"id":6051,"date":"2023-02-08T13:32:29","date_gmt":"2023-02-08T11:32:29","guid":{"rendered":"https:\/\/sport-ghs.de\/?page_id=6051"},"modified":"2023-11-15T12:05:45","modified_gmt":"2023-11-15T10:05:45","slug":"download","status":"publish","type":"page","link":"https:\/\/sport-ghs.de\/?page_id=6051","title":{"rendered":"Downloads"},"content":{"rendered":"<p>[et_pb_section fb_built=&#8220;1&#8243; _builder_version=&#8220;4.19.5&#8243; _module_preset=&#8220;default&#8220; global_colors_info=&#8220;{}&#8220;][et_pb_row _builder_version=&#8220;4.19.5&#8243; _module_preset=&#8220;default&#8220; global_colors_info=&#8220;{}&#8220;][et_pb_column type=&#8220;4_4&#8243; _builder_version=&#8220;4.19.5&#8243; _module_preset=&#8220;default&#8220; global_colors_info=&#8220;{}&#8220;][et_pb_text _builder_version=&#8220;4.23.1&#8243; _module_preset=&#8220;default&#8220; global_colors_info=&#8220;{}&#8220;]<\/p>\n<h1 style=\"text-align: center;\">DOWNLOADS<\/h1>\n<p>[\/et_pb_text][et_pb_text _builder_version=&#8220;4.23.1&#8243; _module_preset=&#8220;default&#8220; hover_enabled=&#8220;0&#8243; global_colors_info=&#8220;{}&#8220; sticky_enabled=&#8220;0&#8243;]<\/p>\n<p style=\"text-align: justify;\">Liebe Sch\u00fclerinnen und Sch\u00fcler,<br \/>hier im Downloadbereich findet ihr f\u00fcr zahlreiche Sportarten, welche wir gemeinsam im Unterricht behandeln, vertiefende Theoriematerialien. Diese sollen euch helfen, zum Beispiel das Regelwerk oder die Bewegungsphasen- und Merkmale von sportlichen Techniken in der Theorie besser zu verstehen, um davon in der Praxis profitieren zu k\u00f6nnen.<\/p>\n<p>[\/et_pb_text][\/et_pb_column][\/et_pb_row][et_pb_row column_structure=&#8220;1_3,1_3,1_3&#8243; _builder_version=&#8220;4.23.1&#8243; _module_preset=&#8220;default&#8220; global_colors_info=&#8220;{}&#8220;][et_pb_column type=&#8220;1_3&#8243; _builder_version=&#8220;4.23.1&#8243; _module_preset=&#8220;default&#8220; global_colors_info=&#8220;{}&#8220;][et_pb_button button_url=&#8220;https:\/\/sport-ghs.de\/wp-content\/uploads\/2023\/11\/Volleyball-Sek-I.pdf&#8220; url_new_window=&#8220;on&#8220; button_text=&#8220;Volleyball SEK I&#8220; button_alignment=&#8220;left&#8220; admin_label=&#8220;Volleyball SEK I&#8220; _builder_version=&#8220;4.23.1&#8243; _module_preset=&#8220;default&#8220; box_shadow_style=&#8220;preset1&#8243; global_colors_info=&#8220;{}&#8220;][\/et_pb_button][et_pb_button button_url=&#8220;https:\/\/sport-ghs.de\/wp-content\/uploads\/2023\/11\/Basketball-Regeln-fuer-die-Schule_aktualisiert.pdf&#8220; url_new_window=&#8220;on&#8220; button_text=&#8220;Basketball SEK I&#8220; button_alignment=&#8220;left&#8220; admin_label=&#8220;Basketball SEK I&#8220; _builder_version=&#8220;4.23.1&#8243; _module_preset=&#8220;default&#8220; box_shadow_style=&#8220;preset1&#8243; global_colors_info=&#8220;{}&#8220;][\/et_pb_button][\/et_pb_column][et_pb_column type=&#8220;1_3&#8243; _builder_version=&#8220;4.23.1&#8243; _module_preset=&#8220;default&#8220; global_colors_info=&#8220;{}&#8220;][et_pb_button button_url=&#8220;https:\/\/sport-ghs.de\/wp-content\/uploads\/2023\/11\/Volleyball-Sek-II.pdf&#8220; url_new_window=&#8220;on&#8220; button_text=&#8220;Volleyball SEK II&#8220; button_alignment=&#8220;center&#8220; admin_label=&#8220;Volleyball SEK II&#8220; _builder_version=&#8220;4.23.1&#8243; _module_preset=&#8220;default&#8220; box_shadow_style=&#8220;preset1&#8243; global_colors_info=&#8220;{}&#8220;][\/et_pb_button][et_pb_button button_url=&#8220;https:\/\/sport-ghs.de\/wp-content\/uploads\/2023\/11\/Basketball-Regeln-fuer-die-Schule_aktualisiert.pdf&#8220; url_new_window=&#8220;on&#8220; button_text=&#8220;Basketball SEK II&#8220; button_alignment=&#8220;center&#8220; admin_label=&#8220;Basketball SEK II&#8220; _builder_version=&#8220;4.23.1&#8243; _module_preset=&#8220;default&#8220; box_shadow_style=&#8220;preset1&#8243; global_colors_info=&#8220;{}&#8220;][\/et_pb_button][\/et_pb_column][et_pb_column type=&#8220;1_3&#8243; _builder_version=&#8220;4.23.1&#8243; _module_preset=&#8220;default&#8220; global_colors_info=&#8220;{}&#8220;][et_pb_button button_url=&#8220;https:\/\/sport-ghs.de\/wp-content\/uploads\/2023\/11\/Bewegungsablaeufe-Techniken-Volleyball.pdf&#8220; url_new_window=&#8220;on&#8220; button_text=&#8220;Volleyballtechniken&#8220; button_alignment=&#8220;right&#8220; admin_label=&#8220;Volleyballtechniken&#8220; _builder_version=&#8220;4.23.1&#8243; _module_preset=&#8220;default&#8220; box_shadow_style=&#8220;preset1&#8243; global_colors_info=&#8220;{}&#8220;][\/et_pb_button][\/et_pb_column][\/et_pb_row][\/et_pb_section]<\/p>\n","protected":false},"excerpt":{"rendered":"<p>DOWNLOADSLiebe Sch\u00fclerinnen und Sch\u00fcler,hier im Downloadbereich findet ihr f\u00fcr zahlreiche Sportarten, welche wir gemeinsam im Unterricht behandeln, vertiefende Theoriematerialien. Diese sollen euch helfen, zum Beispiel das Regelwerk oder die Bewegungsphasen- und Merkmale von sportlichen Techniken in der Theorie besser zu verstehen, um davon in der Praxis profitieren zu k\u00f6nnen.<\/p>\n","protected":false},"author":2,"featured_media":0,"parent":0,"menu_order":0,"comment_status":"closed","ping_status":"closed","template":"","meta":{"_et_pb_use_builder":"on","_et_pb_old_content":"","_et_gb_content_width":"","jetpack_post_was_ever_published":false,"footnotes":""},"class_list":["post-6051","page","type-page","status-publish","hentry"],"jetpack_shortlink":"https:\/\/wp.me\/P3wTjV-1zB","jetpack_sharing_enabled":true,"jetpack_likes_enabled":true,"_links":{"self":[{"href":"https:\/\/sport-ghs.de\/index.php?rest_route=\/wp\/v2\/pages\/6051","targetHints":{"allow":["GET"]}}],"collection":[{"href":"https:\/\/sport-ghs.de\/index.php?rest_route=\/wp\/v2\/pages"}],"about":[{"href":"https:\/\/sport-ghs.de\/index.php?rest_route=\/wp\/v2\/types\/page"}],"author":[{"embeddable":true,"href":"https:\/\/sport-ghs.de\/index.php?rest_route=\/wp\/v2\/users\/2"}],"replies":[{"embeddable":true,"href":"https:\/\/sport-ghs.de\/index.php?rest_route=%2Fwp%2Fv2%2Fcomments&post=6051"}],"version-history":[{"count":11,"href":"https:\/\/sport-ghs.de\/index.php?rest_route=\/wp\/v2\/pages\/6051\/revisions"}],"predecessor-version":[{"id":6171,"href":"https:\/\/sport-ghs.de\/index.php?rest_route=\/wp\/v2\/pages\/6051\/revisions\/6171"}],"wp:attachment":[{"href":"https:\/\/sport-ghs.de\/index.php?rest_route=%2Fwp%2Fv2%2Fmedia&parent=6051"}],"curies":[{"name":"wp","href":"https:\/\/api.w.org\/{rel}","templated":true}]}}