{"id":6,"date":"2013-05-14T17:08:12","date_gmt":"2013-05-14T15:08:12","guid":{"rendered":"https:\/\/sport-ghs.de\/?page_id=6"},"modified":"2020-01-11T14:00:26","modified_gmt":"2020-01-11T12:00:26","slug":"6-revision-v1","status":"publish","type":"page","link":"https:\/\/sport-ghs.de\/?page_id=6","title":{"rendered":"Der Unterricht in der Sekundarstufe I"},"content":{"rendered":"<p>[et_pb_section fb_built=&#8220;1&#8243; _builder_version=&#8220;3.22&#8243; background_image=&#8220;https:\/\/sport-ghs.de\/wp-content\/uploads\/2018\/01\/Header-Volleyball.jpg&#8220; custom_padding=&#8220;||230px|&#8220;][et_pb_row _builder_version=&#8220;3.25&#8243; background_size=&#8220;initial&#8220; background_position=&#8220;top_left&#8220; background_repeat=&#8220;repeat&#8220;][et_pb_column type=&#8220;4_4&#8243; _builder_version=&#8220;3.25&#8243; custom_padding=&#8220;|||&#8220; custom_padding__hover=&#8220;|||&#8220;][\/et_pb_column][\/et_pb_row][\/et_pb_section][et_pb_section fb_built=&#8220;1&#8243; _builder_version=&#8220;3.22&#8243;][et_pb_row _builder_version=&#8220;3.25&#8243; background_size=&#8220;initial&#8220; background_position=&#8220;top_left&#8220; background_repeat=&#8220;repeat&#8220;][et_pb_column type=&#8220;4_4&#8243; _builder_version=&#8220;3.25&#8243; custom_padding=&#8220;|||&#8220; custom_padding__hover=&#8220;|||&#8220;][et_pb_text admin_label=&#8220;\u00dcberschrift&#8220; _builder_version=&#8220;3.27.4&#8243;]<\/p>\n<h1 style=\"text-align: center;\">Der Unterricht in der Sekundarstufe I<\/h1>\n<p>[\/et_pb_text][et_pb_text admin_label=&#8220;Inhalt&#8220; _builder_version=&#8220;4.0.9&#8243; hover_enabled=&#8220;0&#8243;]<\/p>\n<p style=\"text-align: justify;\">Der Sportunterricht wird an unserer Einrichtung koedukativ durchgef\u00fchrt. In 3 Wochenstunden werden Jungen und M\u00e4dchen nicht getrennt, sondern gemeinsam im Klassenverband unterrichtet. Neben den bekannten Ballsportarten wie zum Beispiel Volleyball oder Basketball liegen die Unterrichtsschwerpunkte auch in der Leichtathletik, dem Ger\u00e4tturnen \/ Akrobatik und bekannten Funsportarten wie Ultimate Frisbee oder auch Parcours. Neben der Vermittlung und Entwicklung individueller sportlicher F\u00e4higkeiten und Fertigkeiten sowie der F\u00f6rderung des Leistungswillens, der Anstrengungs- und Risikobereitschaft, sind wir bestrebt, unseren Unterricht auch als ein ergiebiges Feld f\u00fcr soziales Lernen, Hilfsbereitschaft, R\u00fccksichtnahme und Fairness zu nutzen. Dar\u00fcber hinaus ist auch die Gesundheitserziehung Bestandteil unserer Lerninhalte. In einem von uns angestrebten modernen, zeitgem\u00e4\u00dfen Sportunterricht sollen unsere Sch\u00fclerinnen und Sch\u00fcler stets im Mittelpunkt stehen und nicht etwa die unterrichtete Sportart. Es geht uns darum, die Lust an der Bewegung und die Kooperation im Team zu f\u00f6rdern, Motorik und Fitness zu verbessern und bestehende Bewegungserfahrungen zu erweitern.<\/p>\n<p>[\/et_pb_text][\/et_pb_column][\/et_pb_row][\/et_pb_section]<\/p>\n","protected":false},"excerpt":{"rendered":"<p>Der Unterricht in der Sekundarstufe I Der Sportunterricht wird an unserer Einrichtung koedukativ durchgef\u00fchrt. In 3 Wochenstunden werden Jungen und M\u00e4dchen nicht getrennt, sondern gemeinsam im Klassenverband unterrichtet. Neben den bekannten Ballsportarten wie zum Beispiel Volleyball oder Basketball liegen die Unterrichtsschwerpunkte auch in der Leichtathletik, dem Ger\u00e4tturnen \/ Akrobatik und bekannten Funsportarten wie Ultimate Frisbee [&hellip;]<\/p>\n","protected":false},"author":2,"featured_media":0,"parent":0,"menu_order":0,"comment_status":"closed","ping_status":"closed","template":"","meta":{"_et_pb_use_builder":"on","_et_pb_old_content":"<p style=\"text-align: left;\"><a href=\"https:\/\/sport-ghs.de\/wp-content\/uploads\/2013\/05\/36.png\"><img class=\"size-full wp-image-2466 alignleft\" src=\"https:\/\/sport-ghs.de\/wp-content\/uploads\/2013\/05\/36.png\" alt=\"\" width=\"489\" height=\"88\" \/><\/a><\/p><p>\u00a0<\/p><p>\u00a0<\/p><hr \/><p>\u00a0<br \/> In der Sekundarstufe I findet der Unterricht in den jeweiligen Jahrgangsstufen in folgenden Abschnitten schwerpunktm\u00e4\u00dfig statt:<\/p><p style=\"text-align: left;\">Nach den Sommer- bis zu den Herbstferien: Leichtathletik, Kleine Spiele und Fitness.<br \/> Nach den Oktober- bis zu den Weihnachtsferien: Gro\u00dfe Spiele (Volleyball).<br \/> Nach den Weihnachts- bis zu den Winterferien: Fitness, Akrobatik, Kleine Spiele.<br \/> Nach den Winter- bis zu den Osterferien: Bewegen an und mit Ger\u00e4ten.<br \/> Nach den Oster- bis zu den Sommerferien: Gro\u00dfe Spiele (Basketball) und Leichtathletik.<\/p><p style=\"text-align: left;\">In den jeweiligen Bl\u00f6cken werden jederzeit erg\u00e4nzend auch andere, lerngruppenspezifische Inhalte thematisiert. Dies erfolgt jeweils in enger Absprache innerhalb des Fachbereiches.<\/p>","_et_gb_content_width":"","jetpack_post_was_ever_published":false,"footnotes":""},"class_list":["post-6","page","type-page","status-publish","hentry"],"jetpack_shortlink":"https:\/\/wp.me\/P3wTjV-6","jetpack_sharing_enabled":true,"jetpack_likes_enabled":true,"_links":{"self":[{"href":"https:\/\/sport-ghs.de\/index.php?rest_route=\/wp\/v2\/pages\/6","targetHints":{"allow":["GET"]}}],"collection":[{"href":"https:\/\/sport-ghs.de\/index.php?rest_route=\/wp\/v2\/pages"}],"about":[{"href":"https:\/\/sport-ghs.de\/index.php?rest_route=\/wp\/v2\/types\/page"}],"author":[{"embeddable":true,"href":"https:\/\/sport-ghs.de\/index.php?rest_route=\/wp\/v2\/users\/2"}],"replies":[{"embeddable":true,"href":"https:\/\/sport-ghs.de\/index.php?rest_route=%2Fwp%2Fv2%2Fcomments&post=6"}],"version-history":[{"count":38,"href":"https:\/\/sport-ghs.de\/index.php?rest_route=\/wp\/v2\/pages\/6\/revisions"}],"predecessor-version":[{"id":5678,"href":"https:\/\/sport-ghs.de\/index.php?rest_route=\/wp\/v2\/pages\/6\/revisions\/5678"}],"wp:attachment":[{"href":"https:\/\/sport-ghs.de\/index.php?rest_route=%2Fwp%2Fv2%2Fmedia&parent=6"}],"curies":[{"name":"wp","href":"https:\/\/api.w.org\/{rel}","templated":true}]}}