{"id":4541,"date":"2018-01-12T14:52:41","date_gmt":"2018-01-12T12:52:41","guid":{"rendered":"https:\/\/sport-ghs.de\/?page_id=4541"},"modified":"2026-03-30T11:29:49","modified_gmt":"2026-03-30T09:29:49","slug":"skikurs","status":"publish","type":"page","link":"https:\/\/sport-ghs.de\/?page_id=4541","title":{"rendered":"Skikurs"},"content":{"rendered":"<p>[et_pb_section fb_built=&#8220;1&#8243; _builder_version=&#8220;4.16&#8243; background_image=&#8220;https:\/\/sport-ghs.de\/wp-content\/uploads\/2018\/01\/ski1.jpg&#8220; custom_padding=&#8220;||230px|&#8220; global_colors_info=&#8220;{}&#8220;][et_pb_row _builder_version=&#8220;4.16&#8243; background_size=&#8220;initial&#8220; background_position=&#8220;top_left&#8220; background_repeat=&#8220;repeat&#8220; global_colors_info=&#8220;{}&#8220;][et_pb_column type=&#8220;4_4&#8243; _builder_version=&#8220;4.16&#8243; custom_padding=&#8220;|||&#8220; global_colors_info=&#8220;{}&#8220; custom_padding__hover=&#8220;|||&#8220;][\/et_pb_column][\/et_pb_row][\/et_pb_section][et_pb_section fb_built=&#8220;1&#8243; _builder_version=&#8220;4.16&#8243; global_colors_info=&#8220;{}&#8220;][et_pb_row _builder_version=&#8220;4.16&#8243; background_size=&#8220;initial&#8220; background_position=&#8220;top_left&#8220; background_repeat=&#8220;repeat&#8220; global_colors_info=&#8220;{}&#8220;][et_pb_column type=&#8220;4_4&#8243; _builder_version=&#8220;4.16&#8243; custom_padding=&#8220;|||&#8220; global_colors_info=&#8220;{}&#8220; custom_padding__hover=&#8220;|||&#8220;][et_pb_text admin_label=&#8220;\u00dcberschrift&#8220; _builder_version=&#8220;4.16&#8243; global_colors_info=&#8220;{}&#8220;]<\/p>\n<h1 style=\"text-align: center;\">Skikurs<\/h1>\n<p>[\/et_pb_text][et_pb_text _builder_version=&#8220;4.18.1&#8243; global_colors_info=&#8220;{}&#8220;]<\/p>\n<h4 style=\"text-align: center;\"><em>Unser Alpinkurs wird f\u00fcr alle Sch\u00fclerinnen und Sch\u00fcler der Jahrgangsstufe 11 angeboten und <\/em><\/h4>\n<h4 style=\"text-align: center;\"><em>bietet euch die M\u00f6glichkeit, euer pers\u00f6nliches Sportkursangebot in der gymnasialen Oberstufe<br \/><\/em><\/h4>\n<h4 style=\"text-align: center;\"><em>zu erweitern. Dabei k\u00f6nnt ihr euch f\u00fcr die Bereiche Ski Alpin oder Snowboard entscheiden.<br \/><\/em><\/h4>\n<h4 style=\"text-align: center;\"><em>Dieser Kurs schlie\u00dft wie alle anderen Sportkurse auch, mit einer Bewertung ab,<br \/><\/em><\/h4>\n<h4 style=\"text-align: center;\"><em>(Allgemeiner Teil &amp; Klausurteil) und kann somit gleichwertig<br \/><\/em><\/h4>\n<h4 style=\"text-align: center;\"><em>in die Abiturqualifikation eingebracht werden.<\/em><\/h4>\n<p>[\/et_pb_text][\/et_pb_column][\/et_pb_row][et_pb_row _builder_version=&#8220;4.16&#8243; background_size=&#8220;initial&#8220; background_position=&#8220;top_left&#8220; background_repeat=&#8220;repeat&#8220; global_colors_info=&#8220;{}&#8220;][et_pb_column type=&#8220;4_4&#8243; _builder_version=&#8220;4.16&#8243; custom_padding=&#8220;|||&#8220; global_colors_info=&#8220;{}&#8220; custom_padding__hover=&#8220;|||&#8220;][et_pb_text _builder_version=&#8220;4.27.6&#8243; hover_enabled=&#8220;0&#8243; global_colors_info=&#8220;{}&#8220; sticky_enabled=&#8220;0&#8243;]<\/p>\n<h4 style=\"text-align: center;\"><span style=\"color: #ff0000;\"><em>Im Schuljahr 2025\/26 kann aus schulorganisatorischen Gr\u00fcnden leider keine Fahrt stattfinden!<\/em><\/span><\/h4>\n<p>[\/et_pb_text][\/et_pb_column][\/et_pb_row][\/et_pb_section][et_pb_section fb_built=&#8220;1&#8243; _builder_version=&#8220;4.16&#8243; global_colors_info=&#8220;{}&#8220;][et_pb_row _builder_version=&#8220;4.16&#8243; background_size=&#8220;initial&#8220; background_position=&#8220;top_left&#8220; background_repeat=&#8220;repeat&#8220; global_colors_info=&#8220;{}&#8220;][et_pb_column type=&#8220;4_4&#8243; _builder_version=&#8220;4.16&#8243; custom_padding=&#8220;|||&#8220; global_colors_info=&#8220;{}&#8220; custom_padding__hover=&#8220;|||&#8220;][et_pb_blog fullwidth=&#8220;off&#8220; posts_number=&#8220;15&#8243; include_categories=&#8220;14&#8243; show_author=&#8220;off&#8220; _builder_version=&#8220;4.16&#8243; pagination_font_size_tablet=&#8220;51&#8243; pagination_line_height_tablet=&#8220;2&#8243; global_colors_info=&#8220;{}&#8220;][\/et_pb_blog][\/et_pb_column][\/et_pb_row][\/et_pb_section]<\/p>\n","protected":false},"excerpt":{"rendered":"<p>Skikurs Unser Alpinkurs wird f\u00fcr alle Sch\u00fclerinnen und Sch\u00fcler der Jahrgangsstufe 11 angeboten und bietet euch die M\u00f6glichkeit, euer pers\u00f6nliches Sportkursangebot in der gymnasialen Oberstufe zu erweitern. Dabei k\u00f6nnt ihr euch f\u00fcr die Bereiche Ski Alpin oder Snowboard entscheiden. Dieser Kurs schlie\u00dft wie alle anderen Sportkurse auch, mit einer Bewertung ab, (Allgemeiner Teil &amp; Klausurteil) [&hellip;]<\/p>\n","protected":false},"author":2,"featured_media":0,"parent":0,"menu_order":0,"comment_status":"closed","ping_status":"closed","template":"","meta":{"_et_pb_use_builder":"on","_et_pb_old_content":"","_et_gb_content_width":"","jetpack_post_was_ever_published":false,"footnotes":""},"class_list":["post-4541","page","type-page","status-publish","hentry"],"jetpack_shortlink":"https:\/\/wp.me\/P3wTjV-1bf","jetpack_sharing_enabled":true,"jetpack_likes_enabled":true,"_links":{"self":[{"href":"https:\/\/sport-ghs.de\/index.php?rest_route=\/wp\/v2\/pages\/4541","targetHints":{"allow":["GET"]}}],"collection":[{"href":"https:\/\/sport-ghs.de\/index.php?rest_route=\/wp\/v2\/pages"}],"about":[{"href":"https:\/\/sport-ghs.de\/index.php?rest_route=\/wp\/v2\/types\/page"}],"author":[{"embeddable":true,"href":"https:\/\/sport-ghs.de\/index.php?rest_route=\/wp\/v2\/users\/2"}],"replies":[{"embeddable":true,"href":"https:\/\/sport-ghs.de\/index.php?rest_route=%2Fwp%2Fv2%2Fcomments&post=4541"}],"version-history":[{"count":19,"href":"https:\/\/sport-ghs.de\/index.php?rest_route=\/wp\/v2\/pages\/4541\/revisions"}],"predecessor-version":[{"id":6420,"href":"https:\/\/sport-ghs.de\/index.php?rest_route=\/wp\/v2\/pages\/4541\/revisions\/6420"}],"wp:attachment":[{"href":"https:\/\/sport-ghs.de\/index.php?rest_route=%2Fwp%2Fv2%2Fmedia&parent=4541"}],"curies":[{"name":"wp","href":"https:\/\/api.w.org\/{rel}","templated":true}]}}