{"id":4,"date":"2013-05-14T17:07:50","date_gmt":"2013-05-14T15:07:50","guid":{"rendered":"https:\/\/sport-ghs.de\/?page_id=4"},"modified":"2026-03-30T12:38:10","modified_gmt":"2026-03-30T10:38:10","slug":"sportlehrer","status":"publish","type":"page","link":"https:\/\/sport-ghs.de\/?page_id=4","title":{"rendered":"Fachbereich Sport"},"content":{"rendered":"<p>[et_pb_section fb_built=&#8220;1&#8243; _builder_version=&#8220;4.16&#8243; background_image=&#8220;https:\/\/sport-ghs.de\/wp-content\/uploads\/2018\/01\/header-startseite-2.jpg&#8220; custom_padding=&#8220;||230px|&#8220; global_colors_info=&#8220;{}&#8220;][et_pb_row _builder_version=&#8220;4.16&#8243; background_size=&#8220;initial&#8220; background_position=&#8220;top_left&#8220; background_repeat=&#8220;repeat&#8220; global_colors_info=&#8220;{}&#8220;][et_pb_column type=&#8220;4_4&#8243; _builder_version=&#8220;4.16&#8243; custom_padding=&#8220;|||&#8220; global_colors_info=&#8220;{}&#8220; custom_padding__hover=&#8220;|||&#8220;][\/et_pb_column][\/et_pb_row][\/et_pb_section][et_pb_section fb_built=&#8220;1&#8243; _builder_version=&#8220;4.16&#8243; global_colors_info=&#8220;{}&#8220;][et_pb_row _builder_version=&#8220;4.16&#8243; background_size=&#8220;initial&#8220; background_position=&#8220;top_left&#8220; background_repeat=&#8220;repeat&#8220; global_colors_info=&#8220;{}&#8220;][et_pb_column type=&#8220;4_4&#8243; _builder_version=&#8220;4.16&#8243; custom_padding=&#8220;|||&#8220; global_colors_info=&#8220;{}&#8220; custom_padding__hover=&#8220;|||&#8220;][et_pb_text admin_label=&#8220;\u00dcberschrift&#8220; _builder_version=&#8220;4.16&#8243; global_colors_info=&#8220;{}&#8220;]<\/p>\n<h1 style=\"text-align: center;\">Fachbereich Sport<\/h1>\n<p>[\/et_pb_text][\/et_pb_column][\/et_pb_row][et_pb_row _builder_version=&#8220;4.16&#8243; background_size=&#8220;initial&#8220; background_position=&#8220;top_left&#8220; background_repeat=&#8220;repeat&#8220; global_colors_info=&#8220;{}&#8220;][et_pb_column type=&#8220;4_4&#8243; _builder_version=&#8220;4.16&#8243; custom_padding=&#8220;|||&#8220; global_colors_info=&#8220;{}&#8220; custom_padding__hover=&#8220;|||&#8220;][et_pb_text admin_label=&#8220;Inhalt&#8220; _builder_version=&#8220;4.27.6&#8243; hover_enabled=&#8220;0&#8243; global_colors_info=&#8220;{}&#8220; sticky_enabled=&#8220;0&#8243;]<\/p>\n<p style=\"text-align: justify;\">Der Fachbereich Sport setzt sich momentan aus drei Kolleginnen (Frau Boost, Frau Gro\u00dfe, Frau Baast) und sechs Kollegen (Herr Schoknecht, Herr Dr. Weber, Herr M\u00fcnch, Herr Sch\u00fcrmann, Herr F\u00f6rster, Herr Prelle) zusammen. Nat\u00fcrlich unterrichten unsere Sportlehrer*innen grunds\u00e4tzlich alle Sportarten, haben sich aber doch im Laufe der Jahre und aufgrund ihrer eigenen, individuellen sportlichen Hintergr\u00fcnde &#8222;spezialisiert&#8220;, was besonders f\u00fcr die Kurse in der SEK II relevant ist. Herr Schoknecht, als Leiter der Fachkonferenz Sport, ist Ansprechpartner f\u00fcr alle Belange des Fachbereiches und unter <em><strong>schoknecht@ghs-berlin.de\u00a0<\/strong><\/em>erreichbar.<\/p>\n<p>[\/et_pb_text][\/et_pb_column][\/et_pb_row][\/et_pb_section]<\/p>\n","protected":false},"excerpt":{"rendered":"<p>Fachbereich SportDer Fachbereich Sport setzt sich momentan aus drei Kolleginnen (Frau Boost, Frau Gro\u00dfe, Frau Baast) und sechs Kollegen (Herr Schoknecht, Herr Dr. Weber, Herr M\u00fcnch, Herr Sch\u00fcrmann, Herr F\u00f6rster, Herr Prelle) zusammen. Nat\u00fcrlich unterrichten unsere Sportlehrer*innen grunds\u00e4tzlich alle Sportarten, haben sich aber doch im Laufe der Jahre und aufgrund ihrer eigenen, individuellen sportlichen Hintergr\u00fcnde [&hellip;]<\/p>\n","protected":false},"author":1,"featured_media":0,"parent":0,"menu_order":0,"comment_status":"closed","ping_status":"closed","template":"","meta":{"_et_pb_use_builder":"on","_et_pb_old_content":"<p style=\"text-align: justify;\">Der Fachbereich Sport setzt sich momentan aus 5 Kollegen und 3 Kolleginnen zusammen. Nat\u00fcrlich unterrichten unsere SportlehrerInnen grunds\u00e4tzlich alle Sportarten, haben sich aber doch im Laufe der Jahre und aufgrund ihrer eigenen, individuellen sportlichen Aktitvit\u00e4ten \"spezialisiert\", was besonders f\u00fcr die Kurse in der SEK II relevant ist.<\/p><p>\u00a0<\/p>[caption id=\"attachment_4279\" align=\"aligncenter\" width=\"800\"]<a href=\"https:\/\/sport-ghs.de\/wp-content\/uploads\/2013\/05\/Team-001.jpg\"><img class=\"size-full wp-image-4279\" src=\"https:\/\/sport-ghs.de\/wp-content\/uploads\/2013\/05\/Team-001.jpg\" alt=\"\" width=\"800\" height=\"533\" \/><\/a> GHS - Sportlehrerteam[\/caption]<p>\u00a0<\/p>","_et_gb_content_width":"","jetpack_post_was_ever_published":false,"footnotes":""},"class_list":["post-4","page","type-page","status-publish","hentry"],"jetpack_shortlink":"https:\/\/wp.me\/P3wTjV-4","jetpack_sharing_enabled":true,"jetpack_likes_enabled":true,"_links":{"self":[{"href":"https:\/\/sport-ghs.de\/index.php?rest_route=\/wp\/v2\/pages\/4","targetHints":{"allow":["GET"]}}],"collection":[{"href":"https:\/\/sport-ghs.de\/index.php?rest_route=\/wp\/v2\/pages"}],"about":[{"href":"https:\/\/sport-ghs.de\/index.php?rest_route=\/wp\/v2\/types\/page"}],"author":[{"embeddable":true,"href":"https:\/\/sport-ghs.de\/index.php?rest_route=\/wp\/v2\/users\/1"}],"replies":[{"embeddable":true,"href":"https:\/\/sport-ghs.de\/index.php?rest_route=%2Fwp%2Fv2%2Fcomments&post=4"}],"version-history":[{"count":60,"href":"https:\/\/sport-ghs.de\/index.php?rest_route=\/wp\/v2\/pages\/4\/revisions"}],"predecessor-version":[{"id":6463,"href":"https:\/\/sport-ghs.de\/index.php?rest_route=\/wp\/v2\/pages\/4\/revisions\/6463"}],"wp:attachment":[{"href":"https:\/\/sport-ghs.de\/index.php?rest_route=%2Fwp%2Fv2%2Fmedia&parent=4"}],"curies":[{"name":"wp","href":"https:\/\/api.w.org\/{rel}","templated":true}]}}