{"id":122,"date":"2013-05-15T16:42:00","date_gmt":"2013-05-15T14:42:00","guid":{"rendered":"https:\/\/sport-ghs.de\/?page_id=122"},"modified":"2019-12-25T11:21:59","modified_gmt":"2019-12-25T09:21:59","slug":"startseite","status":"publish","type":"page","link":"https:\/\/sport-ghs.de\/","title":{"rendered":"Startseite"},"content":{"rendered":"<p>[et_pb_section fb_built=&#8220;1&#8243; _builder_version=&#8220;3.22&#8243; background_image=&#8220;https:\/\/sport-ghs.de\/wp-content\/uploads\/2018\/01\/header_Startseite.jpg&#8220; custom_padding=&#8220;||230px|&#8220;][et_pb_row _builder_version=&#8220;3.25&#8243; background_size=&#8220;initial&#8220; background_position=&#8220;top_left&#8220; background_repeat=&#8220;repeat&#8220;][et_pb_column type=&#8220;4_4&#8243; _builder_version=&#8220;3.25&#8243; custom_padding=&#8220;|||&#8220; custom_padding__hover=&#8220;|||&#8220;][\/et_pb_column][\/et_pb_row][\/et_pb_section][et_pb_section fb_built=&#8220;1&#8243; _builder_version=&#8220;3.22&#8243;][et_pb_row _builder_version=&#8220;3.25&#8243; background_size=&#8220;initial&#8220; background_position=&#8220;top_left&#8220; background_repeat=&#8220;repeat&#8220;][et_pb_column type=&#8220;4_4&#8243; _builder_version=&#8220;3.25&#8243; custom_padding=&#8220;|||&#8220; custom_padding__hover=&#8220;|||&#8220;][et_pb_text admin_label=&#8220;\u00dcberschrift&#8220; _builder_version=&#8220;4.0.9&#8243; hover_enabled=&#8220;0&#8243;]<\/p>\n<h1 style=\"text-align: center;\">Der Fachbereich Sport stellt sich vor<\/h1>\n<p>[\/et_pb_text][\/et_pb_column][\/et_pb_row][et_pb_row _builder_version=&#8220;3.25&#8243; background_size=&#8220;initial&#8220; background_position=&#8220;top_left&#8220; background_repeat=&#8220;repeat&#8220;][et_pb_column type=&#8220;4_4&#8243; _builder_version=&#8220;3.25&#8243; custom_padding=&#8220;|||&#8220; custom_padding__hover=&#8220;|||&#8220;][et_pb_text _builder_version=&#8220;3.27.4&#8243; text_font_size=&#8220;16px&#8220; text_orientation=&#8220;center&#8220;]<\/p>\n<p style=\"text-align: center;\"><em>An dieser Stelle erhaltet ihr alle Informationen zum Sportunterricht am Gerhart-Hauptmann-Gymnasium. <\/em><\/p>\n<p style=\"text-align: center;\"><em>Zum Beispiel zur m\u00f6glichen Wahl des Faches Sport als 4. oder 5. Pr\u00fcfungskomponente im Abitur sowie<\/em><\/p>\n<p style=\"text-align: center;\"><em>zur Organisation<\/em> <em>des Sportunterrichts in der Sekundarstufe I und dem Sportkursangebot in der Oberstufe.<\/em><\/p>\n<p style=\"text-align: center;\"><em>\u00dcber unsere au\u00dferschulischen und innerschulischen Wettk\u00e4mpfe k\u00f6nnt Ihr Euch<\/em><\/p>\n<p style=\"text-align: center;\"><em>auf diesen Seiten ebenfalls jederzeit aktuell informieren.<\/em><\/p>\n<p>[\/et_pb_text][\/et_pb_column][\/et_pb_row][\/et_pb_section][et_pb_section fb_built=&#8220;1&#8243; _builder_version=&#8220;3.22&#8243; background_color=&#8220;rgba(11,105,193,0.15)&#8220;][et_pb_row _builder_version=&#8220;3.25&#8243; background_size=&#8220;initial&#8220; background_position=&#8220;top_left&#8220; background_repeat=&#8220;repeat&#8220;][et_pb_column type=&#8220;4_4&#8243; _builder_version=&#8220;3.25&#8243; custom_padding=&#8220;|||&#8220; custom_padding__hover=&#8220;|||&#8220;][et_pb_blog fullwidth=&#8220;off&#8220; posts_number=&#8220;6&#8243; include_categories=&#8220;22&#8243; show_author=&#8220;off&#8220; _builder_version=&#8220;3.0.95&#8243; pagination_font_size_tablet=&#8220;51&#8243; pagination_line_height_tablet=&#8220;2&#8243;][\/et_pb_blog][\/et_pb_column][\/et_pb_row][\/et_pb_section]<\/p>\n","protected":false},"excerpt":{"rendered":"<p>Der Fachbereich Sport stellt sich vor An dieser Stelle erhaltet ihr alle Informationen zum Sportunterricht am Gerhart-Hauptmann-Gymnasium. Zum Beispiel zur m\u00f6glichen Wahl des Faches Sport als 4. oder 5. Pr\u00fcfungskomponente im Abitur sowie zur Organisation des Sportunterrichts in der Sekundarstufe I und dem Sportkursangebot in der Oberstufe. \u00dcber unsere au\u00dferschulischen und innerschulischen Wettk\u00e4mpfe k\u00f6nnt Ihr [&hellip;]<\/p>\n","protected":false},"author":2,"featured_media":3125,"parent":0,"menu_order":0,"comment_status":"closed","ping_status":"closed","template":"","meta":{"_et_pb_use_builder":"on","_et_pb_old_content":"<p><b>Liebe Sch\u00fclerinnen und Sch\u00fcler, liebe G\u00e4ste,<\/b><\/p><p style=\"text-align: justify;\">an dieser Stelle erhaltet ihr Informationen zum Sportunterricht am Gerhart-Hauptmann-Gymnasium. Zum Beispiel zur m\u00f6glichen Wahl des Faches Sport als 4. oder 5. Pr\u00fcfungskomponente im Abitur sowie zur Organisation des Sportunterrichts in der Sekundarstufe I und dem Sportkursangebot in der Oberstufe. \u00dcber unsere au\u00dferschulischen und innerschulischen Wettk\u00e4mpfe k\u00f6nnt Ihr Euch auf diesen Seiten ebenfalls jederzeit aktuell informieren.<\/p><p>Weitere Informationen rund um die GHS findet ihr auf unserer Schulhomepage:<\/p><p style=\"text-align: left;\"><a href=\"http:\/\/www.ghs-berlin.de\">www.ghs-berlin.de<br \/> <\/a><\/p><p><a href=\"https:\/\/sport-ghs.de\/wp-content\/uploads\/2013\/05\/IMG_01581.jpg\"><img class=\"aligncenter size-full wp-image-1759\" src=\"https:\/\/sport-ghs.de\/wp-content\/uploads\/2013\/05\/IMG_01581.jpg\" alt=\"GHSTitel\" width=\"800\" height=\"514\" \/><\/a><\/p>","_et_gb_content_width":"","jetpack_post_was_ever_published":false,"footnotes":""},"class_list":["post-122","page","type-page","status-publish","has-post-thumbnail","hentry"],"jetpack_shortlink":"https:\/\/wp.me\/P3wTjV-1Y","jetpack_sharing_enabled":true,"jetpack_likes_enabled":true,"_links":{"self":[{"href":"https:\/\/sport-ghs.de\/index.php?rest_route=\/wp\/v2\/pages\/122","targetHints":{"allow":["GET"]}}],"collection":[{"href":"https:\/\/sport-ghs.de\/index.php?rest_route=\/wp\/v2\/pages"}],"about":[{"href":"https:\/\/sport-ghs.de\/index.php?rest_route=\/wp\/v2\/types\/page"}],"author":[{"embeddable":true,"href":"https:\/\/sport-ghs.de\/index.php?rest_route=\/wp\/v2\/users\/2"}],"replies":[{"embeddable":true,"href":"https:\/\/sport-ghs.de\/index.php?rest_route=%2Fwp%2Fv2%2Fcomments&post=122"}],"version-history":[{"count":116,"href":"https:\/\/sport-ghs.de\/index.php?rest_route=\/wp\/v2\/pages\/122\/revisions"}],"predecessor-version":[{"id":5639,"href":"https:\/\/sport-ghs.de\/index.php?rest_route=\/wp\/v2\/pages\/122\/revisions\/5639"}],"wp:featuredmedia":[{"embeddable":true,"href":"https:\/\/sport-ghs.de\/index.php?rest_route=\/wp\/v2\/media\/3125"}],"wp:attachment":[{"href":"https:\/\/sport-ghs.de\/index.php?rest_route=%2Fwp%2Fv2%2Fmedia&parent=122"}],"curies":[{"name":"wp","href":"https:\/\/api.w.org\/{rel}","templated":true}]}}