{"id":11,"date":"2013-05-14T17:09:32","date_gmt":"2013-05-14T15:09:32","guid":{"rendered":"https:\/\/sport-ghs.de\/?page_id=11"},"modified":"2021-09-05T11:37:01","modified_gmt":"2021-09-05T09:37:01","slug":"11-revision-v1","status":"publish","type":"page","link":"https:\/\/sport-ghs.de\/?page_id=11","title":{"rendered":"Sportst\u00e4tten"},"content":{"rendered":"<p>[et_pb_section fb_built=&#8220;1&#8243; _builder_version=&#8220;3.22&#8243; background_image=&#8220;https:\/\/sport-ghs.de\/wp-content\/uploads\/2018\/01\/header-startseite-2.jpg&#8220; custom_padding=&#8220;||230px|&#8220;][et_pb_row _builder_version=&#8220;3.25&#8243; background_size=&#8220;initial&#8220; background_position=&#8220;top_left&#8220; background_repeat=&#8220;repeat&#8220;][et_pb_column type=&#8220;4_4&#8243; _builder_version=&#8220;3.25&#8243; custom_padding=&#8220;|||&#8220; custom_padding__hover=&#8220;|||&#8220;][\/et_pb_column][\/et_pb_row][\/et_pb_section][et_pb_section fb_built=&#8220;1&#8243; _builder_version=&#8220;3.22&#8243;][et_pb_row _builder_version=&#8220;3.25&#8243; background_size=&#8220;initial&#8220; background_position=&#8220;top_left&#8220; background_repeat=&#8220;repeat&#8220;][et_pb_column type=&#8220;4_4&#8243; _builder_version=&#8220;3.25&#8243; custom_padding=&#8220;|||&#8220; custom_padding__hover=&#8220;|||&#8220;][et_pb_text admin_label=&#8220;\u00dcberschrift&#8220; _builder_version=&#8220;3.27.4&#8243;]<\/p>\n<h1 style=\"text-align: center;\">Sportst\u00e4tten<\/h1>\n<p>[\/et_pb_text][\/et_pb_column][\/et_pb_row][et_pb_row _builder_version=&#8220;3.25&#8243; background_size=&#8220;initial&#8220; background_position=&#8220;top_left&#8220; background_repeat=&#8220;repeat&#8220;][et_pb_column type=&#8220;4_4&#8243; _builder_version=&#8220;3.25&#8243; custom_padding=&#8220;|||&#8220; custom_padding__hover=&#8220;|||&#8220;][et_pb_text _builder_version=&#8220;4.6.1&#8243; hover_enabled=&#8220;0&#8243; sticky_enabled=&#8220;0&#8243;]<\/p>\n<p style=\"text-align: justify;\">Unsere Au\u00dfenanlagen bieten mit dem gro\u00dffl\u00e4chigen Tartansportplatz optimale Bedingungen f\u00fcr die Leichtathletik. Zwei Weitsprunggruben, eine Hochsprunganlage, 50, 75 und 100m- Bahnen sowie die gro\u00dfe 200m- Runde er\u00f6ffnen vielf\u00e4ltige M\u00f6glichkeiten f\u00fcr unseren Sportunterricht. Aber auch f\u00fcr die gro\u00dfen Ballspiele ist dieser Platz sehr gut nutzbar. Aktuell k\u00f6nnen wir nur ca. 2\/3 des Sportplatzes f\u00fcr unseren Unterricht nutzen, da auf diesem f\u00fcr die Zeit des Neubaus der Grundschulfiliale ein mobiler Container errichtet wurde.<\/p>\n<p style=\"text-align: justify;\">Unsere neue Dreifeldersporthalle bietet auf rund 2.000 m\u00b2 nicht nur ausreichend Platz, sondern auch ideale Bedingungen f\u00fcr die sportlichen Aktivit\u00e4ten der etwa 750 Sch\u00fclerinnen und Sch\u00fcler. Mit einer Teleskoptrib\u00fcne f\u00fcr 160 Zuschauer ist die Sporthalle auch f\u00fcr Wettk\u00e4mpfe bestens geeignet.<\/p>\n<p>[\/et_pb_text][\/et_pb_column][\/et_pb_row][et_pb_row _builder_version=&#8220;3.25&#8243; background_size=&#8220;initial&#8220; background_position=&#8220;top_left&#8220; background_repeat=&#8220;repeat&#8220;][et_pb_column type=&#8220;4_4&#8243; _builder_version=&#8220;3.25&#8243; custom_padding=&#8220;|||&#8220; custom_padding__hover=&#8220;|||&#8220;][\/et_pb_column][\/et_pb_row][\/et_pb_section]<\/p>\n","protected":false},"excerpt":{"rendered":"<p>Sportst\u00e4tten Unsere Au\u00dfenanlagen bieten mit dem gro\u00dffl\u00e4chigen Tartansportplatz optimale Bedingungen f\u00fcr die Leichtathletik. Zwei Weitsprunggruben, eine Hochsprunganlage, 50, 75 und 100m- Bahnen sowie die gro\u00dfe 200m- Runde er\u00f6ffnen vielf\u00e4ltige M\u00f6glichkeiten f\u00fcr unseren Sportunterricht. Aber auch f\u00fcr die gro\u00dfen Ballspiele ist dieser Platz sehr gut nutzbar. Aktuell k\u00f6nnen wir nur ca. 2\/3 des Sportplatzes f\u00fcr unseren [&hellip;]<\/p>\n","protected":false},"author":1,"featured_media":0,"parent":0,"menu_order":0,"comment_status":"closed","ping_status":"closed","template":"","meta":{"_et_pb_use_builder":"on","_et_pb_old_content":"[caption id=\"attachment_859\" align=\"aligncenter\" width=\"560\"]<a href=\"https:\/\/sport-ghs.de\/wp-content\/uploads\/2013\/05\/Sportplatz.jpg\"><img class=\" wp-image-859 \" src=\"https:\/\/sport-ghs.de\/wp-content\/uploads\/2013\/05\/Sportplatz.jpg\" alt=\"Unser Sportplatz aus Tartan\" width=\"560\" height=\"374\" \/><\/a> Unsere Au\u00dfenanlagen bieten mit dem gro\u00dffl\u00e4chigen Tartansportplatz optimale Bedingungen f\u00fcr die Leichtathletik. 2 Weitsprunggruben, eine Hochsprunganlage, 50, 75 und 100m- Bahnen sowie die gro\u00dfe 200m- Runde er\u00f6ffnen vielf\u00e4ltige M\u00f6glichkeiten f\u00fcr unseren Sportunterricht. Aber auch f\u00fcr die gro\u00dfen Ballspiele ist dieser Platz sehr gut nutzbar.[\/caption]<p>\u00a0<\/p>[caption id=\"attachment_860\" align=\"aligncenter\" width=\"562\"]<a href=\"https:\/\/sport-ghs.de\/wp-content\/uploads\/2013\/05\/56012139_f6590b8c09.jpg\"><img class=\"size-full wp-image-860 \" src=\"https:\/\/sport-ghs.de\/wp-content\/uploads\/2013\/05\/56012139_f6590b8c09.jpg\" alt=\"Unsere neue Dreifeldersporthalle bietet auf rund 2.000 m\u00b2 nicht nur ausreichend Platz, sondern auch ideale Bedingungen f\u00fcr die k\u00f6rperliche Ert\u00fcchtigung der etwa 700 Sch\u00fclerinen und Sch\u00fcler. Mit einer Teleskoptrib\u00fcne f\u00fcr 160 Zuschauer ist die Sporthalle auch f\u00fcr Wettk\u00e4mpfe bestens geeignet.\" width=\"562\" height=\"375\" \/><\/a> Unsere neue Dreifeldersporthalle bietet auf rund 2.000 m\u00b2 nicht nur ausreichend Platz, sondern auch ideale Bedingungen f\u00fcr die sportlichen Aktivit\u00e4ten der etwa 700 Sch\u00fclerinen und Sch\u00fcler. Mit einer Teleskoptrib\u00fcne f\u00fcr 160 Zuschauer ist die Sporthalle auch f\u00fcr Wettk\u00e4mpfe bestens geeignet.[\/caption]","_et_gb_content_width":"","jetpack_post_was_ever_published":false,"footnotes":""},"class_list":["post-11","page","type-page","status-publish","hentry"],"jetpack_shortlink":"https:\/\/wp.me\/P3wTjV-b","jetpack_sharing_enabled":true,"jetpack_likes_enabled":true,"_links":{"self":[{"href":"https:\/\/sport-ghs.de\/index.php?rest_route=\/wp\/v2\/pages\/11","targetHints":{"allow":["GET"]}}],"collection":[{"href":"https:\/\/sport-ghs.de\/index.php?rest_route=\/wp\/v2\/pages"}],"about":[{"href":"https:\/\/sport-ghs.de\/index.php?rest_route=\/wp\/v2\/types\/page"}],"author":[{"embeddable":true,"href":"https:\/\/sport-ghs.de\/index.php?rest_route=\/wp\/v2\/users\/1"}],"replies":[{"embeddable":true,"href":"https:\/\/sport-ghs.de\/index.php?rest_route=%2Fwp%2Fv2%2Fcomments&post=11"}],"version-history":[{"count":17,"href":"https:\/\/sport-ghs.de\/index.php?rest_route=\/wp\/v2\/pages\/11\/revisions"}],"predecessor-version":[{"id":5899,"href":"https:\/\/sport-ghs.de\/index.php?rest_route=\/wp\/v2\/pages\/11\/revisions\/5899"}],"wp:attachment":[{"href":"https:\/\/sport-ghs.de\/index.php?rest_route=%2Fwp%2Fv2%2Fmedia&parent=11"}],"curies":[{"name":"wp","href":"https:\/\/api.w.org\/{rel}","templated":true}]}}